{"id":938,"date":"2019-08-12T02:21:29","date_gmt":"2019-08-12T00:21:29","guid":{"rendered":"https:\/\/tkd-colomiers.fr\/?page_id=938"},"modified":"2024-07-18T12:50:46","modified_gmt":"2024-07-18T10:50:46","slug":"equipe-technique-dirigeants","status":"publish","type":"page","link":"https:\/\/tkd-colomiers.fr\/index.php\/equipe-technique-dirigeants\/","title":{"rendered":"Equipe Technique &#038; Dirigeants"},"content":{"rendered":"\n<h3 class=\"has-text-align-center\">NOS DIRIGEANTS<\/h3>\n\n\n\n<div class=\"wp-container-4 wp-block-columns has-3-columns\">\n<div class=\"wp-container-1 wp-block-column\">\n<h5 class=\"has-text-align-center\">Pr\u00e9sidente<\/h5>\n\n\n\n<p class=\"has-text-align-center\">\n\nSt\u00e9phanie BECHU\n\n<\/p>\n<\/div>\n\n\n\n<div class=\"wp-container-2 wp-block-column\">\n<h5 class=\"has-text-align-center\">Tr\u00e9sorier<\/h5>\n\n\n\n<p class=\"has-text-align-center\"> Mathis LEGENDRE <\/p>\n<\/div>\n\n\n\n<div class=\"wp-container-3 wp-block-column\">\n<h5 class=\"has-text-align-center\"> Secr\u00e9taire <\/h5>\n\n\n\n<p class=\"has-text-align-center\">\n\nFr\u00e9d\u00e9ric MARCHAND\n\n<\/p>\n<\/div>\n<\/div>\n\n\n\n<hr class=\"wp-block-separator has-css-opacity\"\/>\n\n\n\n<h3 class=\"has-text-align-center\">NOTRE EQUIPE TECHNIQUE<\/h3>\n\n\n\n<div class=\"wp-container-8 wp-block-columns has-3-columns\">\n<div class=\"wp-container-5 wp-block-column\">\n<h5 class=\"has-text-align-center\">Professeurs Adultes<\/h5>\n\n\n\n<p class=\"has-text-align-center\">Christophe LEGENDRE<\/p>\n\n\n\n<p class=\"has-text-align-center\">Fr\u00e9d\u00e9ric MARCHAND<\/p>\n\n\n\n<p class=\"has-text-align-center\">Hassan LARHISSI<\/p>\n<\/div>\n\n\n\n<div class=\"wp-container-6 wp-block-column\">\n<h5 class=\"has-text-align-center\"> Professeurs Technique <\/h5>\n\n\n\n<p class=\"has-text-align-center\">Christophe LEGENDRE<\/p>\n\n\n\n<p class=\"has-text-align-center\"><\/p>\n\n\n\n<p class=\"has-text-align-center\"><\/p>\n<\/div>\n\n\n\n<div class=\"wp-container-7 wp-block-column\">\n<h5 class=\"has-text-align-center\">Professeurs Enfants<\/h5>\n\n\n\n<p class=\"has-text-align-center\">Christophe LEGENDRE<\/p>\n\n\n\n<p class=\"has-text-align-center\">Evann LEGENDRE<\/p>\n\n\n\n<p class=\"has-text-align-center\">David SABATIER<\/p>\n\n\n\n<p>         Oc\u00e9ane LELANDAIS<\/p>\n<\/div>\n<\/div>\n\n\n\n<hr class=\"wp-block-separator has-css-opacity\"\/>\n\n\n","protected":false},"excerpt":{"rendered":"<p>NOS DIRIGEANTS Pr\u00e9sidente St\u00e9phanie BECHU Tr\u00e9sorier Mathis LEGENDRE Secr\u00e9taire Fr\u00e9d\u00e9ric MARCHAND NOTRE EQUIPE TECHNIQUE Professeurs Adultes Christophe LEGENDRE Fr\u00e9d\u00e9ric MARCHAND Hassan LARHISSI Professeurs Technique Christophe LEGENDRE Professeurs Enfants Christophe LEGENDRE Evann LEGENDRE David SABATIER Oc\u00e9ane LELANDAIS<\/p>\n","protected":false},"author":2,"featured_media":0,"parent":0,"menu_order":0,"comment_status":"closed","ping_status":"closed","template":"","meta":[],"featured_image_src":null,"featured_image_src_square":null,"_links":{"self":[{"href":"https:\/\/tkd-colomiers.fr\/index.php\/wp-json\/wp\/v2\/pages\/938"}],"collection":[{"href":"https:\/\/tkd-colomiers.fr\/index.php\/wp-json\/wp\/v2\/pages"}],"about":[{"href":"https:\/\/tkd-colomiers.fr\/index.php\/wp-json\/wp\/v2\/types\/page"}],"author":[{"embeddable":true,"href":"https:\/\/tkd-colomiers.fr\/index.php\/wp-json\/wp\/v2\/users\/2"}],"replies":[{"embeddable":true,"href":"https:\/\/tkd-colomiers.fr\/index.php\/wp-json\/wp\/v2\/comments?post=938"}],"version-history":[{"count":4,"href":"https:\/\/tkd-colomiers.fr\/index.php\/wp-json\/wp\/v2\/pages\/938\/revisions"}],"predecessor-version":[{"id":2537,"href":"https:\/\/tkd-colomiers.fr\/index.php\/wp-json\/wp\/v2\/pages\/938\/revisions\/2537"}],"wp:attachment":[{"href":"https:\/\/tkd-colomiers.fr\/index.php\/wp-json\/wp\/v2\/media?parent=938"}],"curies":[{"name":"wp","href":"https:\/\/api.w.org\/{rel}","templated":true}]}}