{"id":727,"date":"2019-06-16T21:19:38","date_gmt":"2019-06-16T19:19:38","guid":{"rendered":"https:\/\/tkd-colomiers.fr\/?page_id=727"},"modified":"2025-08-26T15:45:34","modified_gmt":"2025-08-26T13:45:34","slug":"nouvel-acceuil","status":"publish","type":"page","link":"https:\/\/tkd-colomiers.fr\/","title":{"rendered":"Accueil"},"content":{"rendered":"\n<p><strong>Bienvenue sur le site internet du club de Taekwondo de Colomiers<\/strong><\/p>\n\n\n\n<p>Pour des renseignements, r\u00e9cup\u00e9rer des dossiers ou rendre les dossiers d\u2019inscriptions vous pouvez venir au Gymnase Voltaire a Colomiers (all\u00e9e du Rouergue 31770, Colomiers) :<\/p>\n\n\n\n<p>Lundi 25 aout : 18h-20h30<\/p>\n\n\n\n<p>Mercredi 27 aout : 18h-20h30<\/p>\n\n\n\n<p>Vendredi 29 aout : 18h-20h30<\/p>\n\n\n\n<p>Lundi 1 septembre : 18h-20h<\/p>\n\n\n\n<p>Mercredi 3 septembre : 18h-20h<\/p>\n\n\n\n<p>Vendredi 5 septembre : 18h-20h<\/p>\n\n\n\n<p>Au fil des diff\u00e9rentes sections, vous trouverez l\u2019ensemble des informations concernant la vie du club ainsi que les documents n\u00e9cessaires pour toutes les formalit\u00e9s.<\/p>\n\n\n\n<p>N\u2019h\u00e9sitez pas \u00e0 nous contacter pour tous renseignements compl\u00e9mentaires.<\/p>\n\n\n\n<p>Bonne visite.<\/p>\n\n\n\n<hr class=\"wp-block-separator has-css-opacity\"\/>\n\n\n\n<p><strong><a href=\"https:\/\/tkd-colomiers.fr\/index.php\/le-club\/\">Les News du Club<\/a><\/strong><\/p>\n\n\n\n<hr class=\"wp-block-separator has-css-opacity\"\/>\n\n\n\n<p><strong><mark style=\"background-color:rgba(0, 0, 0, 0)\" class=\"has-inline-color has-vivid-red-color\">Pass&#8217;Sport<\/mark><\/strong><\/p>\n\n\n\n<figure class=\"wp-container-2 wp-block-gallery-1 wp-block-gallery has-nested-images columns-default is-cropped\">\n<figure class=\"wp-block-image size-large\"><img loading=\"lazy\" width=\"1840\" height=\"1604\" data-id=\"2241\"  src=\"https:\/\/tkd-colomiers.fr\/wp-content\/uploads\/2022\/08\/Capture-decran-2022-08-29-a-15.07.26.png\" alt=\"\" class=\"wp-image-2241\" srcset=\"https:\/\/tkd-colomiers.fr\/wp-content\/uploads\/2022\/08\/Capture-decran-2022-08-29-a-15.07.26.png 1840w, https:\/\/tkd-colomiers.fr\/wp-content\/uploads\/2022\/08\/Capture-decran-2022-08-29-a-15.07.26-300x262.png 300w, https:\/\/tkd-colomiers.fr\/wp-content\/uploads\/2022\/08\/Capture-decran-2022-08-29-a-15.07.26-1024x893.png 1024w, https:\/\/tkd-colomiers.fr\/wp-content\/uploads\/2022\/08\/Capture-decran-2022-08-29-a-15.07.26-768x669.png 768w, https:\/\/tkd-colomiers.fr\/wp-content\/uploads\/2022\/08\/Capture-decran-2022-08-29-a-15.07.26-1536x1339.png 1536w, https:\/\/tkd-colomiers.fr\/wp-content\/uploads\/2022\/08\/Capture-decran-2022-08-29-a-15.07.26-128x112.png 128w, https:\/\/tkd-colomiers.fr\/wp-content\/uploads\/2022\/08\/Capture-decran-2022-08-29-a-15.07.26-32x28.png 32w\" sizes=\"(max-width: 1840px) 100vw, 1840px\" \/><\/figure>\n<\/figure>\n\n\n\n<hr class=\"wp-block-separator has-css-opacity\"\/>\n\n\n\n<p><strong>Inscriptions saison 2024-2025<\/strong><\/p>\n\n\n\n<p>Les documents d&#8217;inscriptions \u00e0 imprimer et \u00e0 ramener au gymnase Voltaire sont disponibles en <a rel=\"noreferrer noopener\" aria-label=\"cliquant ici (s\u2019ouvre dans un nouvel onglet)\" href=\"https:\/\/tkd-colomiers.fr\/index.php\/inscriptions-saison-2020-2021\/\" target=\"_blank\"><strong>cliquant ici<\/strong><\/a><\/p>\n\n\n\n<hr class=\"wp-block-separator has-css-opacity\"\/>\n\n\n","protected":false},"excerpt":{"rendered":"<p>Bienvenue sur le site internet du club de Taekwondo de Colomiers Pour des renseignements, r\u00e9cup\u00e9rer des dossiers ou rendre les dossiers d\u2019inscriptions vous pouvez venir au Gymnase Voltaire a Colomiers (all\u00e9e du Rouergue 31770, Colomiers) : Lundi 25 aout : 18h-20h30 Mercredi 27 aout : 18h-20h30 Vendredi 29 aout : 18h-20h30 Lundi 1 septembre : [&hellip;]<\/p>\n","protected":false},"author":2,"featured_media":0,"parent":0,"menu_order":0,"comment_status":"closed","ping_status":"closed","template":"","meta":[],"featured_image_src":null,"featured_image_src_square":null,"_links":{"self":[{"href":"https:\/\/tkd-colomiers.fr\/index.php\/wp-json\/wp\/v2\/pages\/727"}],"collection":[{"href":"https:\/\/tkd-colomiers.fr\/index.php\/wp-json\/wp\/v2\/pages"}],"about":[{"href":"https:\/\/tkd-colomiers.fr\/index.php\/wp-json\/wp\/v2\/types\/page"}],"author":[{"embeddable":true,"href":"https:\/\/tkd-colomiers.fr\/index.php\/wp-json\/wp\/v2\/users\/2"}],"replies":[{"embeddable":true,"href":"https:\/\/tkd-colomiers.fr\/index.php\/wp-json\/wp\/v2\/comments?post=727"}],"version-history":[{"count":4,"href":"https:\/\/tkd-colomiers.fr\/index.php\/wp-json\/wp\/v2\/pages\/727\/revisions"}],"predecessor-version":[{"id":2690,"href":"https:\/\/tkd-colomiers.fr\/index.php\/wp-json\/wp\/v2\/pages\/727\/revisions\/2690"}],"wp:attachment":[{"href":"https:\/\/tkd-colomiers.fr\/index.php\/wp-json\/wp\/v2\/media?parent=727"}],"curies":[{"name":"wp","href":"https:\/\/api.w.org\/{rel}","templated":true}]}}