{"id":1245,"date":"2019-11-17T22:32:33","date_gmt":"2019-11-17T21:32:33","guid":{"rendered":"https:\/\/tkd-colomiers.fr\/?page_id=1245"},"modified":"2020-02-09T21:38:24","modified_gmt":"2020-02-09T20:38:24","slug":"les-poomses","status":"publish","type":"page","link":"https:\/\/tkd-colomiers.fr\/index.php\/les-poomses\/","title":{"rendered":"Les Pooms\u00e9s"},"content":{"rendered":"\n<p>Il existe dix-sept Pooms\u00e9s&nbsp;cr\u00e9\u00e9s \u00e0 partir des formes anciennes : <\/p>\n\n\n\n<p>Huit Pooms\u00e9s de base, les Taegueug (de la ceinture jaune \u00e0 la ceinture noire 1er dan)&nbsp;et neuf Pooms\u00e9s sup\u00e9rieurs. <\/p>\n\n\n\n<p>Le cheminement des Pooms\u00e9s symbolise des trigrammes, lesquels repr\u00e9sentent la phylosophie orientale la plus profonde. Concepts de cosmos, de terre et de vie. &#8220;Tae&#8221; Signifie &#8220;grandeur&#8221; et &#8220;Gueug&#8221; signifie &#8220;eternit\u00e9&#8221;. Du Taegueug&nbsp;sont d\u00e9riv\u00e9es les huits voies majeures de la th\u00e9orie phylosophique. A chacune d&#8217;entre elles, correspondent des caract\u00e8res chinois sp\u00e9cifiques. Les Taegueug Pooms\u00e9s, du premier au huiti\u00e8me, sont bas\u00e9s sur ces th\u00e9ories principales. <\/p>\n\n\n\n<p>Il Jang symbolise &#8220;le ciel&#8221;, Yi Jang &#8220;le lac&#8221;, Sam Jang &#8220;le feu&#8221;, Sa Jang &#8220;le tonnerre&#8221;, Oh Jang &#8220;le vent&#8221;, Youk Jang &#8220;l&#8217;eau&#8221;, Tchil Jang &#8220;la montagne&#8221;, Pal Jang &#8220;la pierre&#8221;. <\/p>\n\n\n\n<p>Les pooms\u00e9 sup\u00e9rieurs, quand \u00e0 eux font souvent r\u00e9f\u00e9rences&nbsp;\u00e0 des l\u00e9gendes ou \u00e0 des faits historiques cor\u00e9ens. <\/p>\n\n\n\n<p>Koryo est le nom d&#8217;une ancienne dynastie, Keumgang est le nom d&#8217;une montagne, Taebaek signifie la lumi\u00e8re, Pyongweon,&nbsp;la souplesse et la vaste plaine, Sipjin, la stabilit\u00e9, Jitae repr\u00e9sente un homme se tenant sur la terre et regardant le ciel, Tcheongweon signifie le ciel,&nbsp;Hansoo est un d\u00e9riv\u00e9 du mot &#8220;eau&#8221;, Ilyeo repr\u00e9sente l&#8217;unicit\u00e9. <\/p>\n\n\n\n<hr class=\"wp-block-separator\"\/>\n\n\n\n<div class=\"wp-block-atomic-blocks-ab-accordion ab-block-accordion ab-font-size-18\"><details><summary class=\"ab-accordion-title\"><strong> 1er Pooms\u00e9 :  Taegeug Il Jang  <\/strong><\/summary><div class=\"ab-accordion-text\"><p><iframe loading=\"lazy\" frameborder=\"0\" width=\"480\" height=\"270\" src=\"https:\/\/www.dailymotion.com\/embed\/video\/x7ck3l\" allowfullscreen=\"\" allow=\"autoplay\"><\/iframe><\/p>\n\n\n\n<div class=\"wp-block-atomic-blocks-ab-button ab-block-button\"><a href=\"https:\/\/tkd-colomiers.fr\/wp-content\/uploads\/2019\/11\/1-poomse-taegeuk-il-jang.pdf\" class=\"ab-button ab-button-shape-rounded ab-button-size-medium\" style=\"color:#313131;background-color:#abb8c3\">T\u00e9l\u00e9charger document explicatif<\/a><\/div>\n<\/div><\/details><\/div>\n\n\n\n<hr class=\"wp-block-separator\"\/>\n\n\n\n<div class=\"wp-block-atomic-blocks-ab-accordion ab-block-accordion ab-font-size-18\"><details><summary class=\"ab-accordion-title\"><strong>2\u00e8me Pooms\u00e9 :  Taegeug Yi Jang <\/strong><\/summary><div class=\"ab-accordion-text\"><p><iframe loading=\"lazy\" frameborder=\"0\" width=\"480\" height=\"270\" src=\"https:\/\/www.dailymotion.com\/embed\/video\/x7cfhz\" allowfullscreen=\"\" allow=\"autoplay\"><\/iframe><\/p>\n\n\n\n<div class=\"wp-block-atomic-blocks-ab-button ab-block-button\"><a href=\"https:\/\/tkd-colomiers.fr\/wp-content\/uploads\/2019\/11\/2-poomse-taegeuk-yi-jang.pdf\" class=\"ab-button ab-button-shape-rounded ab-button-size-medium\" style=\"color:#313131;background-color:#abb8c3\"> T\u00e9l\u00e9charger document explicatif <\/a><\/div>\n<\/div><\/details><\/div>\n\n\n\n<hr class=\"wp-block-separator\"\/>\n\n\n\n<div class=\"wp-block-atomic-blocks-ab-accordion ab-block-accordion ab-font-size-18\"><details><summary class=\"ab-accordion-title\"><strong>3\u00e8me Pooms\u00e9 :  Taegeug Sam Jang <\/strong><\/summary><div class=\"ab-accordion-text\"><p><iframe loading=\"lazy\" frameborder=\"0\" width=\"480\" height=\"270\" src=\"https:\/\/www.dailymotion.com\/embed\/video\/x7cecf\" allowfullscreen=\"\" allow=\"autoplay\"><\/iframe><\/p>\n\n\n\n<div class=\"wp-block-atomic-blocks-ab-button ab-block-button\"><a href=\"https:\/\/tkd-colomiers.fr\/wp-content\/uploads\/2019\/11\/3-poomse-taegeuk-sam-jang.pdf\" class=\"ab-button ab-button-shape-rounded ab-button-size-medium\" style=\"color:#313131;background-color:#abb8c3\"> T\u00e9l\u00e9charger document explicatif <\/a><\/div>\n<\/div><\/details><\/div>\n\n\n\n<hr class=\"wp-block-separator\"\/>\n\n\n\n<div class=\"wp-block-atomic-blocks-ab-accordion ab-block-accordion ab-font-size-18\"><details><summary class=\"ab-accordion-title\"><strong>4\u00e8me Pooms\u00e9 :  Taegeug Sa Jang <\/strong><\/summary><div class=\"ab-accordion-text\"><p><iframe loading=\"lazy\" frameborder=\"0\" width=\"480\" height=\"270\" src=\"https:\/\/www.dailymotion.com\/embed\/video\/x7cd0q\" allowfullscreen=\"\" allow=\"autoplay\"><\/iframe><\/p>\n\n\n\n<div class=\"wp-block-atomic-blocks-ab-button ab-block-button\"><a href=\"https:\/\/tkd-colomiers.fr\/wp-content\/uploads\/2019\/11\/4-poomse-taegeuk-sa-jang.pdf\" class=\"ab-button ab-button-shape-rounded ab-button-size-medium\" style=\"color:#313131;background-color:#abb8c3\"> T\u00e9l\u00e9charger document explicatif <\/a><\/div>\n<\/div><\/details><\/div>\n\n\n\n<hr class=\"wp-block-separator\"\/>\n\n\n\n<div class=\"wp-block-atomic-blocks-ab-accordion ab-block-accordion ab-font-size-18\"><details><summary class=\"ab-accordion-title\"><strong>5\u00e8me Pooms\u00e9 :  Taegeug Oh Jang <\/strong><\/summary><div class=\"ab-accordion-text\"><p><iframe loading=\"lazy\" frameborder=\"0\" width=\"480\" height=\"270\" src=\"https:\/\/www.dailymotion.com\/embed\/video\/x7cbnj\" allowfullscreen=\"\" allow=\"autoplay\"><\/iframe><\/p>\n\n\n\n<div class=\"wp-block-atomic-blocks-ab-button ab-block-button\"><a href=\"https:\/\/tkd-colomiers.fr\/wp-content\/uploads\/2019\/11\/5-poomse-taegeuk-oh-jang.pdf\" class=\"ab-button ab-button-shape-rounded ab-button-size-medium\" style=\"color:#313131;background-color:#abb8c3\"> T\u00e9l\u00e9charger document explicatif <\/a><\/div>\n<\/div><\/details><\/div>\n\n\n\n<hr class=\"wp-block-separator\"\/>\n\n\n\n<div class=\"wp-block-atomic-blocks-ab-accordion ab-block-accordion ab-font-size-18\"><details><summary class=\"ab-accordion-title\"><strong>6\u00e8me Pooms\u00e9 :  Taegeug Yuk Jang <\/strong><\/summary><div class=\"ab-accordion-text\"><p><iframe loading=\"lazy\" frameborder=\"0\" width=\"480\" height=\"270\" src=\"https:\/\/www.dailymotion.com\/embed\/video\/x7cfoh\" allowfullscreen=\"\" allow=\"autoplay\"><\/iframe><\/p>\n\n\n\n<div class=\"wp-block-atomic-blocks-ab-button ab-block-button\"><a href=\"https:\/\/tkd-colomiers.fr\/wp-content\/uploads\/2019\/11\/6-poomse-taegeuk-yuk-jang-.pdf\" class=\"ab-button ab-button-shape-rounded ab-button-size-medium\" style=\"color:#313131;background-color:#abb8c3\"> T\u00e9l\u00e9charger document explicatif <\/a><\/div>\n<\/div><\/details><\/div>\n\n\n\n<hr class=\"wp-block-separator\"\/>\n\n\n\n<div class=\"wp-block-atomic-blocks-ab-accordion ab-block-accordion ab-font-size-18\"><details><summary class=\"ab-accordion-title\"><strong>7\u00e8me Pooms\u00e9 :  Taegeug Tchil Jang <\/strong><\/summary><div class=\"ab-accordion-text\"><p><iframe loading=\"lazy\" frameborder=\"0\" width=\"480\" height=\"270\" src=\"https:\/\/www.dailymotion.com\/embed\/video\/x7civy\" allowfullscreen=\"\" allow=\"autoplay\"><\/iframe><\/p>\n\n\n\n<div class=\"wp-block-atomic-blocks-ab-button ab-block-button\"><a href=\"https:\/\/tkd-colomiers.fr\/wp-content\/uploads\/2019\/11\/7-poomse-taegeuk-tchil-jang.pdf\" class=\"ab-button ab-button-shape-rounded ab-button-size-medium\" style=\"color:#313131;background-color:#abb8c3\"> T\u00e9l\u00e9charger document explicatif <\/a><\/div>\n<\/div><\/details><\/div>\n\n\n\n<hr class=\"wp-block-separator\"\/>\n\n\n\n<div class=\"wp-block-atomic-blocks-ab-accordion ab-block-accordion ab-font-size-18\"><details><summary class=\"ab-accordion-title\"><strong>8\u00e8me Pooms\u00e9 :  Taegeug Pal Jang <\/strong><\/summary><div class=\"ab-accordion-text\"><p><iframe loading=\"lazy\" frameborder=\"0\" width=\"480\" height=\"270\" src=\"https:\/\/www.dailymotion.com\/embed\/video\/x7ccor\" allowfullscreen=\"\" allow=\"autoplay\"><\/iframe><\/p>\n\n\n\n<div class=\"wp-block-atomic-blocks-ab-button ab-block-button\"><a href=\"https:\/\/tkd-colomiers.fr\/wp-content\/uploads\/2019\/11\/8-poomse-taegeuk-pal-jang.pdf\" class=\"ab-button ab-button-shape-rounded ab-button-size-medium\" style=\"color:#313131;background-color:#abb8c3\"> T\u00e9l\u00e9charger document explicatif <\/a><\/div>\n<\/div><\/details><\/div>\n\n\n\n<hr class=\"wp-block-separator\"\/>\n\n\n","protected":false},"excerpt":{"rendered":"<p>Il existe dix-sept Pooms\u00e9s&nbsp;cr\u00e9\u00e9s \u00e0 partir des formes anciennes : Huit Pooms\u00e9s de base, les Taegueug (de la ceinture jaune \u00e0 la ceinture noire 1er dan)&nbsp;et neuf Pooms\u00e9s sup\u00e9rieurs. Le cheminement des Pooms\u00e9s symbolise des trigrammes, lesquels repr\u00e9sentent la phylosophie orientale la plus profonde. Concepts de cosmos, de terre et de vie. &#8220;Tae&#8221; Signifie &#8220;grandeur&#8221; [&hellip;]<\/p>\n","protected":false},"author":2,"featured_media":0,"parent":0,"menu_order":0,"comment_status":"closed","ping_status":"closed","template":"","meta":[],"featured_image_src":null,"featured_image_src_square":null,"_links":{"self":[{"href":"https:\/\/tkd-colomiers.fr\/index.php\/wp-json\/wp\/v2\/pages\/1245"}],"collection":[{"href":"https:\/\/tkd-colomiers.fr\/index.php\/wp-json\/wp\/v2\/pages"}],"about":[{"href":"https:\/\/tkd-colomiers.fr\/index.php\/wp-json\/wp\/v2\/types\/page"}],"author":[{"embeddable":true,"href":"https:\/\/tkd-colomiers.fr\/index.php\/wp-json\/wp\/v2\/users\/2"}],"replies":[{"embeddable":true,"href":"https:\/\/tkd-colomiers.fr\/index.php\/wp-json\/wp\/v2\/comments?post=1245"}],"version-history":[{"count":5,"href":"https:\/\/tkd-colomiers.fr\/index.php\/wp-json\/wp\/v2\/pages\/1245\/revisions"}],"predecessor-version":[{"id":1702,"href":"https:\/\/tkd-colomiers.fr\/index.php\/wp-json\/wp\/v2\/pages\/1245\/revisions\/1702"}],"wp:attachment":[{"href":"https:\/\/tkd-colomiers.fr\/index.php\/wp-json\/wp\/v2\/media?parent=1245"}],"curies":[{"name":"wp","href":"https:\/\/api.w.org\/{rel}","templated":true}]}}