{"id":1221,"date":"2019-11-17T22:00:27","date_gmt":"2019-11-17T21:00:27","guid":{"rendered":"https:\/\/tkd-colomiers.fr\/?page_id=1221"},"modified":"2020-02-09T21:34:01","modified_gmt":"2020-02-09T20:34:01","slug":"ceintures","status":"publish","type":"page","link":"https:\/\/tkd-colomiers.fr\/index.php\/ceintures\/","title":{"rendered":"Ceintures"},"content":{"rendered":"\n<div class=\"wp-block-atomic-blocks-ab-accordion ab-block-accordion ab-font-size-18\"><details><summary class=\"ab-accordion-title\"><strong>Ceintures Enfants &amp; Adultes<\/strong><\/summary><div class=\"ab-accordion-text\">\n<figure class=\"wp-container-2 wp-block-gallery-1 wp-block-gallery columns-1 is-cropped\"><ul class=\"blocks-gallery-grid\"><li class=\"blocks-gallery-item\"><figure><img loading=\"lazy\" width=\"452\" height=\"926\" src=\"https:\/\/tkd-colomiers.fr\/wp-content\/uploads\/2019\/11\/CeinturesEnfants.png\" alt=\"\" data-id=\"1228\" data-full-url=\"https:\/\/tkd-colomiers.fr\/wp-content\/uploads\/2019\/11\/CeinturesEnfants.png\" data-link=\"https:\/\/tkd-colomiers.fr\/index.php\/ceintures\/ceinturesenfants\/\" class=\"wp-image-1228\" srcset=\"https:\/\/tkd-colomiers.fr\/wp-content\/uploads\/2019\/11\/CeinturesEnfants.png 452w, https:\/\/tkd-colomiers.fr\/wp-content\/uploads\/2019\/11\/CeinturesEnfants-146x300.png 146w, https:\/\/tkd-colomiers.fr\/wp-content\/uploads\/2019\/11\/CeinturesEnfants-62x128.png 62w, https:\/\/tkd-colomiers.fr\/wp-content\/uploads\/2019\/11\/CeinturesEnfants-16x32.png 16w\" sizes=\"(max-width: 452px) 100vw, 452px\" \/><figcaption class=\"blocks-gallery-item__caption\">Enfants<\/figcaption><\/figure><\/li><li class=\"blocks-gallery-item\"><figure><img loading=\"lazy\" width=\"496\" height=\"674\" src=\"https:\/\/tkd-colomiers.fr\/wp-content\/uploads\/2019\/11\/CeinturesAdultes.png\" alt=\"\" data-id=\"1227\" data-full-url=\"https:\/\/tkd-colomiers.fr\/wp-content\/uploads\/2019\/11\/CeinturesAdultes.png\" data-link=\"https:\/\/tkd-colomiers.fr\/index.php\/ceintures\/ceinturesadultes\/\" class=\"wp-image-1227\" srcset=\"https:\/\/tkd-colomiers.fr\/wp-content\/uploads\/2019\/11\/CeinturesAdultes.png 496w, https:\/\/tkd-colomiers.fr\/wp-content\/uploads\/2019\/11\/CeinturesAdultes-221x300.png 221w, https:\/\/tkd-colomiers.fr\/wp-content\/uploads\/2019\/11\/CeinturesAdultes-94x128.png 94w, https:\/\/tkd-colomiers.fr\/wp-content\/uploads\/2019\/11\/CeinturesAdultes-24x32.png 24w\" sizes=\"(max-width: 496px) 100vw, 496px\" \/><figcaption class=\"blocks-gallery-item__caption\">Adultes<\/figcaption><\/figure><\/li><\/ul><\/figure>\n<\/div><\/details><\/div>\n\n\n\n<div class=\"wp-block-atomic-blocks-ab-accordion ab-block-accordion ab-font-size-18\"><details><summary class=\"ab-accordion-title\"><strong>Nouer sa ceinture<\/strong><\/summary><div class=\"ab-accordion-text\">\n<figure class=\"wp-container-4 wp-block-gallery-3 wp-block-gallery columns-1 is-cropped\"><ul class=\"blocks-gallery-grid\"><li class=\"blocks-gallery-item\"><figure><img loading=\"lazy\" width=\"250\" height=\"250\" src=\"https:\/\/tkd-colomiers.fr\/wp-content\/uploads\/2019\/11\/Noeud1.jpg\" alt=\"\" data-id=\"1222\" data-full-url=\"https:\/\/tkd-colomiers.fr\/wp-content\/uploads\/2019\/11\/Noeud1.jpg\" data-link=\"https:\/\/tkd-colomiers.fr\/?attachment_id=1222\" class=\"wp-image-1222\" srcset=\"https:\/\/tkd-colomiers.fr\/wp-content\/uploads\/2019\/11\/Noeud1.jpg 250w, https:\/\/tkd-colomiers.fr\/wp-content\/uploads\/2019\/11\/Noeud1-150x150.jpg 150w, https:\/\/tkd-colomiers.fr\/wp-content\/uploads\/2019\/11\/Noeud1-128x128.jpg 128w, https:\/\/tkd-colomiers.fr\/wp-content\/uploads\/2019\/11\/Noeud1-32x32.jpg 32w\" sizes=\"(max-width: 250px) 100vw, 250px\" \/><figcaption class=\"blocks-gallery-item__caption\"><strong> Rep\u00e9rez le milieu de votre ceinture et placez le au niveau de votre nombril. <\/strong><\/figcaption><\/figure><\/li><li class=\"blocks-gallery-item\"><figure><img loading=\"lazy\" width=\"250\" height=\"250\" src=\"https:\/\/tkd-colomiers.fr\/wp-content\/uploads\/2019\/11\/Noeud2.jpg\" alt=\"\" data-id=\"1223\" data-full-url=\"https:\/\/tkd-colomiers.fr\/wp-content\/uploads\/2019\/11\/Noeud2.jpg\" data-link=\"https:\/\/tkd-colomiers.fr\/?attachment_id=1223\" class=\"wp-image-1223\" srcset=\"https:\/\/tkd-colomiers.fr\/wp-content\/uploads\/2019\/11\/Noeud2.jpg 250w, https:\/\/tkd-colomiers.fr\/wp-content\/uploads\/2019\/11\/Noeud2-150x150.jpg 150w, https:\/\/tkd-colomiers.fr\/wp-content\/uploads\/2019\/11\/Noeud2-128x128.jpg 128w, https:\/\/tkd-colomiers.fr\/wp-content\/uploads\/2019\/11\/Noeud2-32x32.jpg 32w\" sizes=\"(max-width: 250px) 100vw, 250px\" \/><figcaption class=\"blocks-gallery-item__caption\"><strong> Faites le tour de votre taille avec la sangle de droite et placez la sous la sangle gauche. <\/strong><\/figcaption><\/figure><\/li><li class=\"blocks-gallery-item\"><figure><img loading=\"lazy\" width=\"250\" height=\"250\" src=\"https:\/\/tkd-colomiers.fr\/wp-content\/uploads\/2019\/11\/Noeud3.jpg\" alt=\"\" data-id=\"1224\" data-full-url=\"https:\/\/tkd-colomiers.fr\/wp-content\/uploads\/2019\/11\/Noeud3.jpg\" data-link=\"https:\/\/tkd-colomiers.fr\/?attachment_id=1224\" class=\"wp-image-1224\" srcset=\"https:\/\/tkd-colomiers.fr\/wp-content\/uploads\/2019\/11\/Noeud3.jpg 250w, https:\/\/tkd-colomiers.fr\/wp-content\/uploads\/2019\/11\/Noeud3-150x150.jpg 150w, https:\/\/tkd-colomiers.fr\/wp-content\/uploads\/2019\/11\/Noeud3-128x128.jpg 128w, https:\/\/tkd-colomiers.fr\/wp-content\/uploads\/2019\/11\/Noeud3-32x32.jpg 32w\" sizes=\"(max-width: 250px) 100vw, 250px\" \/><figcaption class=\"blocks-gallery-item__caption\"><strong> Faites maintenant le tour de votre taille avec la sangle de gauche en la superposant sur la premi\u00e8re  Passez cette derni\u00e8re par dessous et derri\u00e8re les deux sangles. <\/strong><\/figcaption><\/figure><\/li><li class=\"blocks-gallery-item\"><figure><img loading=\"lazy\" width=\"550\" height=\"332\" src=\"https:\/\/tkd-colomiers.fr\/wp-content\/uploads\/2019\/11\/Noeud4.jpg\" alt=\"\" data-id=\"1225\" data-full-url=\"https:\/\/tkd-colomiers.fr\/wp-content\/uploads\/2019\/11\/Noeud4.jpg\" data-link=\"https:\/\/tkd-colomiers.fr\/?attachment_id=1225\" class=\"wp-image-1225\" srcset=\"https:\/\/tkd-colomiers.fr\/wp-content\/uploads\/2019\/11\/Noeud4.jpg 550w, https:\/\/tkd-colomiers.fr\/wp-content\/uploads\/2019\/11\/Noeud4-300x181.jpg 300w, https:\/\/tkd-colomiers.fr\/wp-content\/uploads\/2019\/11\/Noeud4-128x77.jpg 128w, https:\/\/tkd-colomiers.fr\/wp-content\/uploads\/2019\/11\/Noeud4-32x19.jpg 32w\" sizes=\"(max-width: 550px) 100vw, 550px\" \/><figcaption class=\"blocks-gallery-item__caption\"><strong> Passez cette derni\u00e8re par dessous et derri\u00e8re les deux sangles. <\/strong><\/figcaption><\/figure><\/li><li class=\"blocks-gallery-item\"><figure><img loading=\"lazy\" width=\"514\" height=\"372\" src=\"https:\/\/tkd-colomiers.fr\/wp-content\/uploads\/2019\/11\/Noeud5.jpg\" alt=\"\" data-id=\"1226\" data-full-url=\"https:\/\/tkd-colomiers.fr\/wp-content\/uploads\/2019\/11\/Noeud5.jpg\" data-link=\"https:\/\/tkd-colomiers.fr\/?attachment_id=1226\" class=\"wp-image-1226\" srcset=\"https:\/\/tkd-colomiers.fr\/wp-content\/uploads\/2019\/11\/Noeud5.jpg 514w, https:\/\/tkd-colomiers.fr\/wp-content\/uploads\/2019\/11\/Noeud5-300x217.jpg 300w, https:\/\/tkd-colomiers.fr\/wp-content\/uploads\/2019\/11\/Noeud5-128x93.jpg 128w, https:\/\/tkd-colomiers.fr\/wp-content\/uploads\/2019\/11\/Noeud5-32x23.jpg 32w\" sizes=\"(max-width: 514px) 100vw, 514px\" \/><figcaption class=\"blocks-gallery-item__caption\"><strong> Terminez le n\u0153ud en passant la sangle du haut autour de celle du bas . Serrez bien afin que le n\u0153ud soit solide. Les deux sangles doivent \u00eatre de longueurs identiques.<\/strong> <\/figcaption><\/figure><\/li><\/ul><\/figure>\n<\/div><\/details><\/div>\n\n\n\n<hr class=\"wp-block-separator\"\/>\n\n\n","protected":false},"excerpt":{"rendered":"","protected":false},"author":2,"featured_media":0,"parent":0,"menu_order":0,"comment_status":"closed","ping_status":"closed","template":"","meta":[],"featured_image_src":null,"featured_image_src_square":null,"_links":{"self":[{"href":"https:\/\/tkd-colomiers.fr\/index.php\/wp-json\/wp\/v2\/pages\/1221"}],"collection":[{"href":"https:\/\/tkd-colomiers.fr\/index.php\/wp-json\/wp\/v2\/pages"}],"about":[{"href":"https:\/\/tkd-colomiers.fr\/index.php\/wp-json\/wp\/v2\/types\/page"}],"author":[{"embeddable":true,"href":"https:\/\/tkd-colomiers.fr\/index.php\/wp-json\/wp\/v2\/users\/2"}],"replies":[{"embeddable":true,"href":"https:\/\/tkd-colomiers.fr\/index.php\/wp-json\/wp\/v2\/comments?post=1221"}],"version-history":[{"count":5,"href":"https:\/\/tkd-colomiers.fr\/index.php\/wp-json\/wp\/v2\/pages\/1221\/revisions"}],"predecessor-version":[{"id":1686,"href":"https:\/\/tkd-colomiers.fr\/index.php\/wp-json\/wp\/v2\/pages\/1221\/revisions\/1686"}],"wp:attachment":[{"href":"https:\/\/tkd-colomiers.fr\/index.php\/wp-json\/wp\/v2\/media?parent=1221"}],"curies":[{"name":"wp","href":"https:\/\/api.w.org\/{rel}","templated":true}]}}