{"id":1216,"date":"2019-11-17T21:13:50","date_gmt":"2019-11-17T20:13:50","guid":{"rendered":"https:\/\/tkd-colomiers.fr\/?page_id=1216"},"modified":"2020-02-09T21:37:59","modified_gmt":"2020-02-09T20:37:59","slug":"le-combat-et-ses-regles","status":"publish","type":"page","link":"https:\/\/tkd-colomiers.fr\/index.php\/le-combat-et-ses-regles\/","title":{"rendered":"Le combat et ses r\u00e8gles"},"content":{"rendered":"\n<p style=\"font-size:18px\"><strong>Principes :<\/strong><\/p>\n\n\n\n<p>Le but est de marquer le plus grand nombre de points. Les coups de poings au niveau de la t\u00eate et les coups de pieds en dessous de la ceintures sont strictement interdits.&nbsp;Seules les touches du poing au plastron et&nbsp;les touches du pied au plastron et au casque sont valid\u00e9es. Les touches du pieds au visage ne sont pas comptabilis\u00e9es. En cas de knok-down, l&#8217;arbitre effectue le comptage jusqu&#8217;\u00e0 8 ou 10. Il est ensuite le seul \u00e0 d\u00e9cider s&#8217;il accorde les points correspondants&nbsp;du coup de pied.<\/p>\n\n\n\n<p>Comptabilisation des touches :&nbsp;Une touche du poing au plastron = 1 point, une touche direct du pied au plastron = 2&nbsp;points, une touche du pied au plastron avec rotation du corps = 4&nbsp;points,&nbsp;une touche direct du pied&nbsp;\u00e0 la t\u00eate = 3&nbsp;points, une touche du pied \u00e0 la t\u00eate avec rotation du corps = 5&nbsp;points.<\/p>\n\n\n\n<p style=\"font-size:18px\"><strong>R\u00e8gles de combat :<\/strong><\/p>\n\n\n\n<p>Les comp\u00e9titions de combats sont soumises \u00e0 des r\u00e8gles tr\u00e8s strictes qui peuvent para\u00eetre tr\u00e8s compliqu\u00e9es pour les novices.&nbsp;Les&nbsp;motifs de fautes sont nombreux, tels que&nbsp;tenir sont adversaire, lui retenir la jambe, mettre un pied en dehors&nbsp;de la surface de combat, chuter, garder sa jambe lev\u00e9e plus de 3 secondes ou lever la jambe sans frapper, ou encore effectuer un retrait de plus de deux pas. Le combattant qui chute et ne se rel\u00e9ve pas dans les 3 secondes perd le combat (sauf en cas de blessure). Les fautes sont sanctionn\u00e9es par un &#8220;Gam Jeom&#8221;&nbsp;(p\u00e9nalit\u00e9 de -1 point). Le combattant qui totalise&nbsp;10 p\u00e9nalit\u00e9s est d\u00e9clar\u00e9 vaincu. Le combattant&nbsp;ayant cr\u00e9\u00e9 un \u00e9cart de 20&nbsp;points \u00e0 l&#8217;issue du second round est d\u00e9clar\u00e9 vainqueur (Cette r\u00e8gle ne s&#8217;applique pas lors des combats de demi-finales et finales).&nbsp;Les combats se gagnent aux points, mais \u00e9galement&nbsp;par K.O, abandon, d\u00e9cision de l&#8217;arbitre, forfait, fautes commises par l&#8217;adversaire ou incapacit\u00e9 de l&#8217;adversaire \u00e0 reprendre le combat. Les combats se d\u00e9roulent en trois rounds d&#8217;une dur\u00e9e variable selon la cat\u00e9gorie d&#8217;\u00e2ge des combattants. En cas d&#8217;\u00e9galit\u00e9 \u00e0 l&#8217;issue du troisi\u00e8me round, un quatri\u00e8me round &#8220;Golden Round&#8221; d&#8217;une minute aura lieu pour d\u00e9partager les combattants. Lors de ce round,&nbsp;le premier combattant qui marque 2 points sera d\u00e9clar\u00e9 vainqueur. Celui qui aura totalis\u00e9 deux &#8220;Gam Jeon&#8221; sera d\u00e9clar\u00e9 perdant.<\/p>\n\n\n\n<p>L&#8217;aire de combats octogonale mesure&nbsp;8&nbsp;m de diam\u00e8tre. Les combattants se diff\u00e9rencient par la couleur du plastron et du casque, bleu (Chung) ou rouge (Hong).&nbsp;L&#8217;utilisation de plastrons \u00e9lectroniques pour le comptage des points&nbsp;est apparue en 2008 et le casque \u00e9lectronique a \u00e9t\u00e9 adopt\u00e9 en 2016. Ceux-ci&nbsp;sont munis de capteurs sur leur surface. Les &#8220;pitaines&#8221;&nbsp;(protections de pieds)&nbsp;sont munies de&nbsp;capteurs plac\u00e9s sur le dessus du pied, la tranche interne, au niveau de la vo\u00fbte plantaire et du talon. Les points sont informatiquement comptabilis\u00e9s quand les capteurs des pitaines entre en contact avec ceux du casque et ceux du plastron en atteignant le seuil de puissance exig\u00e9 pour la cat\u00e9gorie de poids. Les coups de poings au plastron (Les gants ne poss\u00e8dent pas de capteurs pour le moment)&nbsp;sont valid\u00e9s par trois juges de coins (au moins deux juges sur les trois doivent valider le point pour qu&#8217;il soit comptabilis\u00e9).&nbsp;Les coachs peuvent \u00e9mettre une r\u00e9clamation lorsqu&#8217;ils estiment qu&#8217;une faute n&#8217;a pas \u00e9t\u00e9 sanctionn\u00e9e ou encore que des points sur un&nbsp;coup&nbsp;de pied&nbsp;avec rotation n&#8217;ont pas \u00e9t\u00e9 ajout\u00e9s. Pour cela, ils&nbsp;b\u00e9n\u00e9ficient d&#8217;un Quota de r\u00e9clamations et d&#8217;une carte (de la couleur de leur&nbsp;combattant) qu&#8217;ils remettent \u00e0 l&#8217;arbitre lors de sa r\u00e9clamation.<\/p>\n\n\n\n<p>Les comp\u00e9titeurs doivent porter un Do-bok blanc avec un col noire pour les ceintures noires, un col blanc pour les keups (ceintures en dessous de la noire) et rouge et noire pour les pooms (candidat de&nbsp;moins de seize ans ayant pass\u00e9 avec succ\u00e8s l&#8217;examen du 1er dan), la ceinture correspondant \u00e0 leur grade, ainsi que les protections r\u00e9glementaires correspondant \u00e0 leur cat\u00e9gorie d&#8217;\u00e2ge.<\/p>\n\n\n\n<p>Les \u00e9volutions technologiques du Taekwondo&nbsp;ont pouss\u00e9 les combattants de haut niveau \u00e0 adopter un Taekwondo moderne pr\u00e9f\u00e9rant&nbsp;la&nbsp;strat\u00e9gie&nbsp;et une fa\u00e7on de combattre visant \u00e0&nbsp;favoriser&nbsp;les touches au casque et les techniques de &#8220;jambe&nbsp;avant&#8221;, d\u00e9laissant fr\u00e9quemment le&nbsp;c\u00f4t\u00e9 spectaculaire de l&#8217;art martial originel, ce qui peut \u00e9ventuellement choquer certains&nbsp;puristes et \u00e9tonner les non-initi\u00e9s.&nbsp;<\/p>\n\n\n\n<div class=\"wp-block-atomic-blocks-ab-accordion ab-block-accordion ab-font-size-18\"><details><summary class=\"ab-accordion-title\"><strong>Dur\u00e9e des combats,\u00a0protections et zones de touches\u00a0par cat\u00e9gories : <\/strong><\/summary><div class=\"ab-accordion-text\">\n<p style=\"font-size:18px\"><strong>Benjamins :<\/strong><\/p>\n\n\n\n<p>3 x 1mn avec 30 secondes de repos entre chaque reprises. Touche du pied et du poing au plastron.<\/p>\n\n\n\n<p>&#8211; Tenue : Dobok col blanc, ceinture.<\/p>\n\n\n\n<p>&#8211; Protections&nbsp;tibiales, cubitales, g\u00e9nitale, mitaines, pitaines, casque et plastron.<\/p>\n\n\n\n<p style=\"font-size:18px\"><strong>Minimes :<\/strong><\/p>\n\n\n\n<p>3 x 1mn avec 30 secondes de repos entre chaque reprises.&nbsp;Touche du pied et du poing au plastron.<\/p>\n\n\n\n<p>Protections&nbsp;tibiales avec dessus de pied, cubitales, g\u00e9nitale, mitaines, casque et plastron.<\/p>\n\n\n\n<p>&#8211; Tenue : dobok blanc col blanc, ceinture<\/p>\n\n\n\n<p style=\"font-size:18px\"><strong>Cadets :<\/strong><\/p>\n\n\n\n<p>3 x 1.30mn avec 1mn de repos entre chaque reprises.&nbsp;Touche du pied et du poing au niveau du plastron. Touche du pied \u00e0 la t\u00eate.<\/p>\n\n\n\n<p>Tenue : Dobok col blanc pour les keup, col noire et rouge pour les Il Poom.<\/p>\n\n\n\n<p>&#8211; Protections tibiales, cubitale, g\u00e9nitale, mitaines, casque \u00e0 bulle, prot\u00e9ge dents, plastron, pitaines.<\/p>\n\n\n\n<p style=\"font-size:18px\"><strong>Juniors et seniors :<\/strong><\/p>\n\n\n\n<p>3 x 2mn avec 1mn de repos entre chaque reprises. Touche du pied et du poing au plastron, Touche du pied \u00e0 la t\u00eate.<\/p>\n\n\n\n<p>&#8211; Protections : Protections cubitale, tibiale, g\u00e9nitale, plastron, casque, prot\u00e9ge dents, mitaines, pitaines&nbsp;<\/p>\n\n\n\n<p style=\"font-size:18px\"><strong>V\u00e9t\u00e9rans&nbsp;:&nbsp;<\/strong><\/p>\n\n\n\n<p>3 x 1.30mn avec 1mn de repos entre chaque reprises.&nbsp;Touche du pied et du point au niveau du plastron, touche du pied au casque.<\/p>\n\n\n\n<p>&#8211; Protections tibiales, cubitale, g\u00e9nitale, plastron, casque \u00e0 bulle, mitaines, pitaines.<\/p>\n<\/div><\/details><\/div>\n\n\n\n<div class=\"wp-block-atomic-blocks-ab-accordion ab-block-accordion ab-font-size-18\"><details><summary class=\"ab-accordion-title\"> <strong>Cat\u00e9gories de poids\u00a0:<\/strong> <\/summary><div class=\"ab-accordion-text\">\n<p style=\"font-size:18px\"><strong>Benjamins : 9 et 10 ans<\/strong> :<\/p>\n\n\n\n<p><strong>Masculins&nbsp; :<\/strong>-21kg,-24 kg,-27 kg,&nbsp;-30 kg, -33 kg, -37 kg, -41kg, -45kg, -49 kg, +49kg<\/p>\n\n\n\n<p><strong>F\u00e9minines&nbsp; :<\/strong> -17 kg, -20 kg, -23 kg, -26 kg, -29 kg, -33 kg, -37 kg, -41 kg,-44kg,+44kg<\/p>\n\n\n\n<p style=\"font-size:18px\"><strong>Minimes : 11 et 12 ans<\/strong> :<\/p>\n\n\n\n<p><strong>Masculins : <\/strong>-27 kg, -30 kg, -33 kg, -37 kg,&nbsp;41 kg, -45 kg, -49 kg, -53 kg,&nbsp;-57 kg, +57 kg<\/p>\n\n\n\n<p><strong>F\u00e9minines : <\/strong>-23 kg, -26 kg, -29 kg, -33 kg, -37 kg, -41 kg, -44 kg, -47 kg,&nbsp;-51 kg, +51kg<\/p>\n\n\n\n<p style=\"font-size:18px\"><strong>Cadets : 13 et 14 ans<\/strong> :<\/p>\n\n\n\n<p><strong>Masculins : <\/strong>-33 kg,&nbsp;-37 kg, -41 kg, -45 kg, -49 kg, -53 kg, -57 kg, -61 kg, -65 kg, +65 kg<\/p>\n\n\n\n<p><strong>F\u00e9minines :<\/strong> -29 kg, -33 kg, -37 kg,&nbsp;-41 kg, -44 kg, -47 kg, -51 kg, -55 kg, -59 kg,&nbsp;+59 kg<\/p>\n\n\n\n<p style=\"font-size:18px\"><strong>Juniors : 15, 16 et 17 ans<\/strong> :<\/p>\n\n\n\n<p><strong>Masculins : <\/strong>-45 kg, -48 kg, -51 kg, -55 kg, -59 kg, -63 kg, -68 kg, -73 kg, -78 kg, +78 kg.<\/p>\n\n\n\n<p><strong>F\u00e9minines : <\/strong>-42 kg, -44 kg, -46 kg, -49 kg, -52 kg, -55 kg, -59 kg, -63 kg, -68 kg, +68 kg<\/p>\n\n\n\n<p style=\"font-size:18px\"><strong>Seniors : moins de 30 ans<\/strong> :<\/p>\n\n\n\n<p><strong>Masculins :<\/strong> -54 kg, -58 kg, -63 kg, -68 kg, -74 kg, -80 kg, -87 kg, +87 kg<\/p>\n\n\n\n<p><strong>F\u00e9minines : <\/strong>-46 kg, -49 kg, -53 kg, -57 kg, -62 kg, -67 kg, -73 kg, +73 kg<\/p>\n\n\n\n<p style=\"font-size:18px\"><strong>V\u00e9t\u00e9rans 1 : 30 et +<\/strong> \/\/ <strong>V\u00e9t\u00e9rans 2 :&nbsp;35 ans&nbsp;et +<\/strong> \/\/ <strong>V\u00e9tarans 3 : 40 ans et +<\/strong> :<\/p>\n\n\n\n<p><strong>Masculins : <\/strong>-58 kg, -68 kg, -80 kg, +80 kg<\/p>\n\n\n\n<p><strong>F\u00e9minines :<\/strong> -49 kg, -57 kg, -67 kg, +67 kg<\/p>\n\n\n\n<p style=\"font-size:18px\"><strong>Cat\u00e9gories de poids pour les Jeux Olympiques :&nbsp;<\/strong><\/p>\n\n\n\n<p><strong>Hommes :<\/strong> -58 kg, -68 kg, -80 kg, +80 kg<\/p>\n\n\n\n<p><strong>Femmes : <\/strong>-49 kg, -57 kg, -67 kg, +67 kg<br><\/p>\n<\/div><\/details><\/div>\n\n\n\n<hr class=\"wp-block-separator\"\/>\n\n\n","protected":false},"excerpt":{"rendered":"<p>Principes : Le but est de marquer le plus grand nombre de points. Les coups de poings au niveau de la t\u00eate et les coups de pieds en dessous de la ceintures sont strictement interdits.&nbsp;Seules les touches du poing au plastron et&nbsp;les touches du pied au plastron et au casque sont valid\u00e9es. Les touches du [&hellip;]<\/p>\n","protected":false},"author":2,"featured_media":0,"parent":0,"menu_order":0,"comment_status":"closed","ping_status":"closed","template":"","meta":[],"featured_image_src":null,"featured_image_src_square":null,"_links":{"self":[{"href":"https:\/\/tkd-colomiers.fr\/index.php\/wp-json\/wp\/v2\/pages\/1216"}],"collection":[{"href":"https:\/\/tkd-colomiers.fr\/index.php\/wp-json\/wp\/v2\/pages"}],"about":[{"href":"https:\/\/tkd-colomiers.fr\/index.php\/wp-json\/wp\/v2\/types\/page"}],"author":[{"embeddable":true,"href":"https:\/\/tkd-colomiers.fr\/index.php\/wp-json\/wp\/v2\/users\/2"}],"replies":[{"embeddable":true,"href":"https:\/\/tkd-colomiers.fr\/index.php\/wp-json\/wp\/v2\/comments?post=1216"}],"version-history":[{"count":5,"href":"https:\/\/tkd-colomiers.fr\/index.php\/wp-json\/wp\/v2\/pages\/1216\/revisions"}],"predecessor-version":[{"id":1700,"href":"https:\/\/tkd-colomiers.fr\/index.php\/wp-json\/wp\/v2\/pages\/1216\/revisions\/1700"}],"wp:attachment":[{"href":"https:\/\/tkd-colomiers.fr\/index.php\/wp-json\/wp\/v2\/media?parent=1216"}],"curies":[{"name":"wp","href":"https:\/\/api.w.org\/{rel}","templated":true}]}}